{"id":389,"date":"2016-04-07T14:11:23","date_gmt":"2016-04-07T13:11:23","guid":{"rendered":"http:\/\/hurongues.galifi.fr\/?page_id=389&#038;lang=en"},"modified":"2023-05-11T09:27:47","modified_gmt":"2023-05-11T08:27:47","slug":"contact","status":"publish","type":"page","link":"https:\/\/www.camping-hurongues.com\/en\/contact\/","title":{"rendered":"Contact us"},"content":{"rendered":"<div id=\"cs-content\" class=\"cs-content\"><\/div>\n","protected":false},"excerpt":{"rendered":"<p>ContactPour un renseignement vous pouvez utiliser le formulaire ci-dessous Nom (obligatoire) E-mail (obligatoire) Tel Votre message Petite question (r\u00e9ponse en lettres et en minuscules) deux+sept Camping HuronguesHoraires ouverture de la r\u00e9ception : Tous les jours de 10h00 \u00e0 11h30 et de 16h00 \u00e0 18h00.(+33) (0)4 78 48 44 29<\/p>\n","protected":false},"author":1,"featured_media":0,"parent":0,"menu_order":0,"comment_status":"closed","ping_status":"closed","template":"template-blank-4.php","meta":{"footnotes":""},"_links":{"self":[{"href":"https:\/\/www.camping-hurongues.com\/en\/wp-json\/wp\/v2\/pages\/389"}],"collection":[{"href":"https:\/\/www.camping-hurongues.com\/en\/wp-json\/wp\/v2\/pages"}],"about":[{"href":"https:\/\/www.camping-hurongues.com\/en\/wp-json\/wp\/v2\/types\/page"}],"author":[{"embeddable":true,"href":"https:\/\/www.camping-hurongues.com\/en\/wp-json\/wp\/v2\/users\/1"}],"replies":[{"embeddable":true,"href":"https:\/\/www.camping-hurongues.com\/en\/wp-json\/wp\/v2\/comments?post=389"}],"version-history":[{"count":9,"href":"https:\/\/www.camping-hurongues.com\/en\/wp-json\/wp\/v2\/pages\/389\/revisions"}],"predecessor-version":[{"id":813,"href":"https:\/\/www.camping-hurongues.com\/en\/wp-json\/wp\/v2\/pages\/389\/revisions\/813"}],"wp:attachment":[{"href":"https:\/\/www.camping-hurongues.com\/en\/wp-json\/wp\/v2\/media?parent=389"}],"curies":[{"name":"wp","href":"https:\/\/api.w.org\/{rel}","templated":true}]}}