{"id":392,"date":"2016-04-07T14:12:34","date_gmt":"2016-04-07T13:12:34","guid":{"rendered":"http:\/\/hurongues.galifi.fr\/?page_id=392&#038;lang=en"},"modified":"2016-04-27T09:00:47","modified_gmt":"2016-04-27T08:00:47","slug":"our-region","status":"publish","type":"page","link":"https:\/\/www.camping-hurongues.com\/en\/our-region\/","title":{"rendered":"Our region"},"content":{"rendered":"<div id=\"x-section-1\" class=\"x-section\" style=\"margin: 0px; padding: 45px 0px;  background-color: transparent;\" ><div id=\"\" class=\"x-container   max width\" style=\"margin: 0px auto; padding: 0px; \" ><div  class=\"x-column x-sm x-1-1\" style=\"padding: 0px; \" ><ul  class=\"x-block-grid two-up\" ><li  class=\"x-block-grid-item\" >\n<h3 style=\"text-align: justify;\">Our region<\/h3>\n<p>Important region by its size (43 698 kms2, Rhone-Alpes is including 8 departments : Ain, Ard\u00e8che, Dr\u00f4me, Is\u00e8re, Loire, Savoie and Haute-Savoie).<\/p>\n<p>Its heritage presents a large range of historical monuments, museums, cultural centres and vaste green bits, which will enjoy tourists looking for diversity..<\/p>\n<p>Represented by its famous administrative center of Lyons, Rhone-Alpes is the second region of France due to its surface and its 6th position in Europe. Between Paris and French Riviera, close to Switzerland and Italy, with the international Airport Lyon Satolas and famous rail ways and motorways.<\/li><li  class=\"x-block-grid-item\" >\n<h3 style=\"text-align: justify;\">Histoire<\/h3>\n<p style=\"text-align: justify;\"> Marked by a man occupation   from 30 &#8216; 000 years before JC, the region contains numerous sites of discovery of the housing environment of this aera, as well as a rich collection of first known humanity pieces of art, as it is the case in the Chauvet cavern (Ard\u00e8che).<\/p>\n<p style=\"text-align: justify;\"><strong> Strongly influenced by the Roman occupation, our region presents a strong architectural heritage, as in Lyon, city classified in the World heritage of UNESCO<\/strong>.<\/p>\n<p style=\"text-align: justify;\"> If you are enthusiast with industrial heritage, our region will know how to fill your passion, by an history rich in innovations, as it is the case of the silk trade, thrown by Fran\u00e7ois 1st ( 1536 ), relaunched  by Napoleon in the middle of the XIXth century, or still by the rich mining past of the urban area of Saint Etienne.<\/p>\n<\/li><\/ul><\/div><\/div><\/div><div id=\"x-section-2\" class=\"x-section\" style=\"margin: 0px; padding: 45px 0px;  background-color: hsl(138, 76%, 44%);\" ><div id=\"\" class=\"x-container   max width\" style=\"margin: 0px auto; padding: 0px; \" ><div  class=\"x-column x-sm x-1-2\" style=\"padding: 0px; \" ><blockquote  class=\"x-blockquote\" >Suggestion of visit :<br \/>\nGallo-romane civilization museum<cite class=\"x-cite\"> The Museum of the Gallo-Roman civilization, the practically buried building of which is integrated into the archaeological park of ancient theaters contains multiple collections of steles, statues, bronzes and mosaics of Gallo-Roman period. The archaeological park is constituted by a theater, considered as the oldest of Gaule and a Gallo-Roman od\u00e9on with a unique juxtasposition in the antique world. <\/cite><\/blockquote><\/div><div  class=\"x-column x-sm x-1-2\" style=\"padding: 37px 0px 0px; \" ><img decoding=\"async\"  class=\"x-img x-img-none\"  src=\"https:\/\/www.camping-hurongues.com\/wp-content\/uploads\/2016\/03\/musee-civilisation-gallo-romaine.jpg\" ><\/div><\/div><\/div><div id=\"x-section-3\" class=\"x-section\" style=\"margin: 0px; padding: 45px 0px;  background-color: hsl(138, 77%, 37%);\" ><div id=\"\" class=\"x-container   max width\" style=\"margin: 0px auto; padding: 0px; \" ><div  class=\"x-column x-sm x-1-2\" style=\"padding: 0px; \" ><blockquote  class=\"x-blockquote\" >Suggestion of visit :<br \/>\nThe &#8221; Maison des M\u00e9tiers&#8221;<br \/>\nin Saint Symphorien Sur Coise<br \/>\n<cite class=\"x-cite\">La \"Maison des M\u00e9tiers\"  was founded in 1988 by retired people of different activities. The purpose is to : maintain, become know, pass on this industrial heritage (tools, machines and know-how (processes & gestures)  <\/cite><\/blockquote><\/div><div  class=\"x-column x-sm x-1-2\" style=\"padding: 37px 0px 0px; \" ><img decoding=\"async\"  class=\"x-img x-img-none\"  src=\"https:\/\/www.camping-hurongues.com\/wp-content\/uploads\/2016\/03\/0.jpg\" ><\/div><\/div><\/div><div id=\"x-section-4\" class=\"x-section\" style=\"margin: 0px; padding: 45px 0px;  background-color: hsl(138, 82%, 30%);\" ><div id=\"\" class=\"x-container   max width\" style=\"margin: 0px auto; padding: 0px; \" ><div  class=\"x-column x-sm x-1-2\" style=\"padding: 0px; \" ><blockquote  class=\"x-blockquote\" >Suggestion of visit :<br \/>\nThe &#8220;mus\u00e9e du chapeau&#8221; in Chazelles sur Lyon<cite class=\"x-cite\">At the beginning of the XXth century, Chazelles-sur-Lyon knows its peak and becomes the main city of production of the luxury felt hat in France (28 factories and 2 500 workers in 1930). ,Its fame exceeds widely the national borders with brands such as Fl\u00e9chet, France, Morreton.<\/cite><\/blockquote><\/div><div  class=\"x-column x-sm x-1-2\" style=\"padding: 37px 0px 0px; \" ><img decoding=\"async\"  class=\"x-img x-img-none\"  src=\"https:\/\/www.camping-hurongues.com\/wp-content\/uploads\/2016\/03\/IMG_4521.jpg\" ><\/div><\/div><\/div><div id=\"x-section-5\" class=\"x-section\" style=\"margin: 0px; padding: 45px 0px;  background-color: hsl(138, 87%, 25%);\" ><div id=\"\" class=\"x-container   max width\" style=\"margin: 0px auto; padding: 0px; \" ><div  class=\"x-column x-sm x-1-2\" style=\"padding: 0px; \" ><blockquote  class=\"x-blockquote\" >Suggestion of visit :<br \/>\nThe &#8221; Museum of Modern Art &#8221; in Saint-Etienne<cite class=\"x-cite\"> The Museum of modern art emanates from the Museum of Art & Industry of which it constitutes  one of the sections.It takes place , today still, with the Museum of Mining and the renovated Museum of Art and Industry , in a complex of museums  of which one of the essential missions was, since the end of the XIXth century,  the gathering of collections of art pieces from the industrial aera.<\/cite><\/blockquote><\/div><div  class=\"x-column x-sm x-1-2\" style=\"padding: 37px 0px 0px; \" ><img decoding=\"async\"  class=\"x-img x-img-none\"  src=\"https:\/\/www.camping-hurongues.com\/wp-content\/uploads\/2016\/03\/115204728.jpg\" ><\/div><\/div><\/div>\n","protected":false},"excerpt":{"rendered":"","protected":false},"author":1,"featured_media":0,"parent":0,"menu_order":0,"comment_status":"closed","ping_status":"closed","template":"template-blank-4.php","meta":{"footnotes":""},"_links":{"self":[{"href":"https:\/\/www.camping-hurongues.com\/en\/wp-json\/wp\/v2\/pages\/392"}],"collection":[{"href":"https:\/\/www.camping-hurongues.com\/en\/wp-json\/wp\/v2\/pages"}],"about":[{"href":"https:\/\/www.camping-hurongues.com\/en\/wp-json\/wp\/v2\/types\/page"}],"author":[{"embeddable":true,"href":"https:\/\/www.camping-hurongues.com\/en\/wp-json\/wp\/v2\/users\/1"}],"replies":[{"embeddable":true,"href":"https:\/\/www.camping-hurongues.com\/en\/wp-json\/wp\/v2\/comments?post=392"}],"version-history":[{"count":11,"href":"https:\/\/www.camping-hurongues.com\/en\/wp-json\/wp\/v2\/pages\/392\/revisions"}],"predecessor-version":[{"id":492,"href":"https:\/\/www.camping-hurongues.com\/en\/wp-json\/wp\/v2\/pages\/392\/revisions\/492"}],"wp:attachment":[{"href":"https:\/\/www.camping-hurongues.com\/en\/wp-json\/wp\/v2\/media?parent=392"}],"curies":[{"name":"wp","href":"https:\/\/api.w.org\/{rel}","templated":true}]}}