{"id":429,"date":"2016-04-07T15:12:10","date_gmt":"2016-04-07T14:12:10","guid":{"rendered":"http:\/\/hurongues.galifi.fr\/?page_id=429&#038;lang=en"},"modified":"2023-08-29T10:51:35","modified_gmt":"2023-08-29T09:51:35","slug":"legal-notices","status":"publish","type":"page","link":"https:\/\/www.camping-hurongues.com\/en\/legal-notices\/","title":{"rendered":"Legal notices"},"content":{"rendered":"[vc_row padding_top=&#8221;0px&#8221; padding_bottom=&#8221;0px&#8221;][vc_column fade_animation_offset=&#8221;45px&#8221; width=&#8221;1\/3&#8243;]<div  class=\"x-container max width\" ><h4>EDITEUR DU SITE<\/h4>\n<p>CAMPING HURONGUES ****<br \/>\n805 chemin d&#8217;Hurongues<br \/>\n69590 POMEYS<br \/>\nT\u00e9l : 0478484429<br \/>\nMail : camping.hurongues@gmail.com<br \/>\nN\u00b0 Siret : 419 420 203 00061<br \/>\nCode APE : 5530Z<br \/>\nRCS : Lyon 518 496 393<\/p>\n<h4><\/h4>\n<\/div>[\/vc_column][vc_column fade_animation_offset=&#8221;45px&#8221; width=&#8221;1\/3&#8243;]<h4>LE CR\u00c9ATEUR DU SITE<\/h4>\n<p><a href=\"https:\/\/www.galifi.fr\" target=\"_blank\" rel=\"noopener noreferrer\">Galifi.fr<\/a><br \/>\n10 rue du Vernay, 42000 Saint Etienne<br \/>\nT\u00e9l. : 04 77\u00a038 41 17<br \/>\nE-mail : norbert@galifi.fr<br \/>\nsiret :\u00a0452 573 801 00035<br \/>\nNAF : 6209Z<br \/>\nN\u00b0 TVA : FR13501963037<\/p>\n[\/vc_column][vc_column fade_animation_offset=&#8221;45px&#8221; width=&#8221;1\/3&#8243;]<h4>H\u00c9BERGEMENT DU SITE<\/h4>\n<p>Yellis Services<br \/>\n76 rue Saint Ladre<br \/>\n57950 Montigny les Metz FRANCE<br \/>\nR.C.S METZ TI 443 349 592<br \/>\nSIRET 443 349 592 00024 &#8211; NAF 721Z<\/p>\n[\/vc_column][\/vc_row][vc_row padding_top=&#8221;0px&#8221; padding_bottom=&#8221;0px&#8221;][vc_column fade_animation_offset=&#8221;45px&#8221; width=&#8221;1\/1&#8243;]<div  class=\"x-container max width\" ><h4><\/h4>\n<h4>INFORMATIONS L\u00c9GALES<\/h4>\n<p>L\u2019ensemble de ce site rel\u00e8ve de la l\u00e9gislation fran\u00e7aise sur le droit d\u2019auteur et la propri\u00e9t\u00e9 intellectuelle.<\/p>\n<p>En application de la loi du 11 mars 1957 (art.41) et du code de la propri\u00e9t\u00e9 intellectuelle du 1er juillet 1992, toute reproduction partielle ou totale de ce site \u00e0 usage collectif est strictement interdite sans autorisation pr\u00e9alable expresse du camping Hurongues et constituerait une contrefa\u00e7on sanctionn\u00e9e par les articles L335-2 et suivants du Code de la Propri\u00e9t\u00e9 intellectuelle.<\/p>\n<p>Les \u00e9l\u00e9ments figurant au sein du pr\u00e9sent site, tels que logos, images, photographies, vid\u00e9os, \u00e9crits, animations, programmes, charte graphique, utilitaires, bases de donn\u00e9es, logiciel, sont la propri\u00e9t\u00e9 de leur d\u00e9tenteur respectif et sont prot\u00e9g\u00e9s par les dispositions du Code de la propri\u00e9t\u00e9 intellectuelle.<\/p>\n<p>L\u2019utilisateur s\u2019interdit de porter atteinte aux droits de propri\u00e9t\u00e9 intellectuelle aff\u00e9rents \u00e0 ces \u00e9l\u00e9ments et notamment de les reproduire, repr\u00e9senter, modifier, adapter, traduire, d\u2019en extraire et\/ou r\u00e9utiliser une partie qualitativement ou quantitativement substantielle et ce par quelque proc\u00e9d\u00e9 que ce soit.<\/p>\n<p>Conform\u00e9ment \u00e0 l\u2019article 34 de la Loi n\u00b078-17 Informatique et Libert\u00e9 du 06\/01\/1978, vous disposez d\u2019un droit d\u2019acc\u00e8s, de modification, de rectification et de suppression des donn\u00e9es vous concernant. Pour exercer ce droit, adresser vous par \u00e9crit \u00e0 l\u2019\u00e9diteur cit\u00e9 ci-dessus.<\/p>\n<\/div>[\/vc_column][\/vc_row][vc_row padding_top=&#8221;0px&#8221; padding_bottom=&#8221;0px&#8221;][vc_column fade_animation_offset=&#8221;45px&#8221; width=&#8221;1\/1&#8243;]<div>\n<p><strong>M\u00e9diateur de la consommation<\/strong><br \/>\nConform\u00e9ment aux dispositions de l&#8217;article L 612-1 du code de la consommation, tout client du terrain de camping a le droit de recourir gratuitement \u00e0 un m\u00e9diateur de la consommation en vue de la r\u00e9solution amiable d&#8217;un litige qui l&#8217;opposerait \u00e0 l&#8217;exploitant du terrain.<br \/>\nLes coordonn\u00e9es du m\u00e9diateur de la consommation que le client peut saisir, sont les suivantes<br \/>\nCentre de m\u00e9diation de la consommation de conciliateurs de justice (CM2C)<br \/>\n14 rue saint Jean \u2013 75017 Paris<br \/>\n06.09.20.48.86 &#8211; cm2c.net<\/p>\n<\/div>\n[\/vc_column][\/vc_row]\n","protected":false},"excerpt":{"rendered":"<p>[vc_row padding_top=&#8221;0px&#8221; padding_bottom=&#8221;0px&#8221;][vc_column fade_animation_offset=&#8221;45px&#8221; width=&#8221;1\/3&#8243;][\/vc_column][vc_column fade_animation_offset=&#8221;45px&#8221; width=&#8221;1\/3&#8243;][\/vc_column][vc_column fade_animation_offset=&#8221;45px&#8221; width=&#8221;1\/3&#8243;][\/vc_column][\/vc_row][vc_row padding_top=&#8221;0px&#8221; padding_bottom=&#8221;0px&#8221;][vc_column fade_animation_offset=&#8221;45px&#8221; width=&#8221;1\/1&#8243;][\/vc_column][\/vc_row][vc_row padding_top=&#8221;0px&#8221; padding_bottom=&#8221;0px&#8221;][vc_column fade_animation_offset=&#8221;45px&#8221; width=&#8221;1\/1&#8243;][\/vc_column][\/vc_row]<\/p>\n","protected":false},"author":1,"featured_media":0,"parent":0,"menu_order":0,"comment_status":"closed","ping_status":"closed","template":"template-blank-1.php","meta":{"footnotes":""},"_links":{"self":[{"href":"https:\/\/www.camping-hurongues.com\/en\/wp-json\/wp\/v2\/pages\/429"}],"collection":[{"href":"https:\/\/www.camping-hurongues.com\/en\/wp-json\/wp\/v2\/pages"}],"about":[{"href":"https:\/\/www.camping-hurongues.com\/en\/wp-json\/wp\/v2\/types\/page"}],"author":[{"embeddable":true,"href":"https:\/\/www.camping-hurongues.com\/en\/wp-json\/wp\/v2\/users\/1"}],"replies":[{"embeddable":true,"href":"https:\/\/www.camping-hurongues.com\/en\/wp-json\/wp\/v2\/comments?post=429"}],"version-history":[{"count":6,"href":"https:\/\/www.camping-hurongues.com\/en\/wp-json\/wp\/v2\/pages\/429\/revisions"}],"predecessor-version":[{"id":844,"href":"https:\/\/www.camping-hurongues.com\/en\/wp-json\/wp\/v2\/pages\/429\/revisions\/844"}],"wp:attachment":[{"href":"https:\/\/www.camping-hurongues.com\/en\/wp-json\/wp\/v2\/media?parent=429"}],"curies":[{"name":"wp","href":"https:\/\/api.w.org\/{rel}","templated":true}]}}